{"id":915,"date":"2013-08-19T10:36:49","date_gmt":"2013-08-19T10:36:49","guid":{"rendered":"http:\/\/192.168.0.101\/user24\/mahesh\/?page_id=737"},"modified":"2013-08-19T10:36:49","modified_gmt":"2013-08-19T10:36:49","slug":"typography","status":"publish","type":"page","link":"http:\/\/www.destrancheesauxbarricades.com\/index.php\/typography\/","title":{"rendered":"Typography"},"content":{"rendered":"<p>[vc_row css=\u00a0\u00bb.vc_custom_1503039110862{margin-bottom: 30px !important;}\u00a0\u00bb][vc_column el_class=\u00a0\u00bbh-family\u00a0\u00bb][vc_row_inner][vc_column_inner]<div class=\"shortcode-title center \"><h3 class=\"normal-title\">H Family<\/h3><\/div>[vc_column_text css=\u00a0\u00bb.vc_custom_1487830626675{padding-top: 30px !important;}\u00a0\u00bb]&lt; h1 &gt;Lorem Ipsum is simply dummy text of the printing and typesetting industry.&lt; \/h1 &gt;<\/p>\n<h1>This is a Heading 1 Element<\/h1>\n<p>Nam convallis imperdiet pretium. Integer commodo malesuada purus, a hendrerit erat aliquet in. Nunc eget odio augue, non fringilla lacus. Sed condimentum justo sit amet urna ornare euismod. Vivamus ac leo quam, id porta felis.[\/vc_column_text][vc_column_text css=\u00a0\u00bb.vc_custom_1487830646791{padding-top: 30px !important;}\u00a0\u00bb]&lt; h2 &gt;Lorem Ipsum is simply dummy text of the printing and typesetting industry.&lt; \/h2 &gt;<\/p>\n<h2>This is a Heading 2 Element<\/h2>\n<p>Nam convallis imperdiet pretium. Integer commodo malesuada purus, a hendrerit erat aliquet in. Nunc eget odio augue, non fringilla lacus. Sed condimentum justo sit amet urna ornare euismod. Vivamus ac leo quam, id porta felis.[\/vc_column_text][vc_column_text css=\u00a0\u00bb.vc_custom_1487830659253{padding-top: 30px !important;}\u00a0\u00bb]&lt; h3 &gt;Lorem Ipsum is simply dummy text of the printing and typesetting industry.&lt; \/h3 &gt;<\/p>\n<h3>This is a Heading 3 Element<\/h3>\n<p>Nam convallis imperdiet pretium. Integer commodo malesuada purus, a hendrerit erat aliquet in. Nunc eget odio augue, non fringilla lacus. Sed condimentum justo sit amet urna ornare euismod. Vivamus ac leo quam, id porta felis.[\/vc_column_text][vc_column_text css=\u00a0\u00bb.vc_custom_1487830668036{padding-top: 30px !important;}\u00a0\u00bb]&lt; h4 &gt;Lorem Ipsum is simply dummy text of the printing and typesetting industry.&lt; \/h4 &gt;<\/p>\n<h4>This is a Heading 4 Element<\/h4>\n<p>Nam convallis imperdiet pretium. Integer commodo malesuada purus, a hendrerit erat aliquet in. Nunc eget odio augue, non fringilla lacus. Sed condimentum justo sit amet urna ornare euismod. Vivamus ac leo quam, id porta felis.[\/vc_column_text][vc_column_text css=\u00a0\u00bb.vc_custom_1487830698060{padding-top: 30px !important;}\u00a0\u00bb]&lt; h5 &gt;Lorem Ipsum is simply dummy text of the printing and typesetting industry.&lt; \/h5 &gt;<\/p>\n<h5 class=\"color-black\">This is a Heading 5 Element<\/h5>\n<p>Nam convallis imperdiet pretium. Integer commodo malesuada purus, a hendrerit erat aliquet in. Nunc eget odio augue, non fringilla lacus. Sed condimentum justo sit amet urna ornare euismod. Vivamus ac leo quam, id porta felis.[\/vc_column_text][vc_column_text css=\u00a0\u00bb.vc_custom_1487830706669{padding-top: 30px !important;}\u00a0\u00bb]&lt; h6 &gt;Lorem Ipsum is simply dummy text of the printing and typesetting industry.&lt; \/h6 &gt;<\/p>\n<h6 class=\"color-black\">This is a Heading 6 Element<\/h6>\n<p>Nam convallis imperdiet pretium. Integer commodo malesuada purus, a hendrerit erat aliquet in. Nunc eget odio augue, non fringilla lacus. Sed condimentum justo sit amet urna ornare euismod. Vivamus ac leo quam, id porta felis.[\/vc_column_text][\/vc_column_inner][\/vc_row_inner][\/vc_column][\/vc_row][vc_row css=\u00a0\u00bb.vc_custom_1487328811784{padding-top: 30px !important;padding-bottom: 30px !important;}\u00a0\u00bb][vc_column][vc_row_inner][vc_column_inner]<div class=\"shortcode-title center \"><h3 class=\"normal-title\">Blockquote<\/h3><\/div>[vc_column_text]<\/p>\n<blockquote><p>Zril quidam debitis nec eu, te eam ludus diceret voluptua, ea vix odio inani habemus. Eam te dicit regione. Partem vituperatoribus in eos, cu munere omittam voluptatum his. In sale delenit ancillae mei, quo in dicat consulatu reformidans.<\/p><\/blockquote>\n<p>[\/vc_column_text][\/vc_column_inner][\/vc_row_inner][\/vc_column][\/vc_row]<\/p>\n","protected":false},"excerpt":{"rendered":"<p>[vc_row css=\u00a0\u00bb.vc_custom_1503039110862{margin-bottom: 30px !important;}\u00a0\u00bb][vc_column el_class=\u00a0\u00bbh-family\u00a0\u00bb][vc_row_inner][vc_column_inner][vc_column_text css=\u00a0\u00bb.vc_custom_1487830626675{padding-top: 30px !important;}\u00a0\u00bb]&lt; h1 &gt;Lorem Ipsum is simply dummy text of the printing and typesetting industry.&lt; \/h1 &gt; This is a Heading 1 Element Nam convallis imperdiet pretium. Integer commodo malesuada purus, a hendrerit erat aliquet in. Nunc eget odio augue, non fringilla lacus. Sed condimentum justo sit amet urna ornare euismod. Vivamus ac leo quam, id porta felis.[\/vc_column_text][vc_column_text css=\u00a0\u00bb.vc_custom_1487830646791{padding-top: 30px !important;}\u00a0\u00bb]&lt; h2 &gt;Lorem Ipsum is simply dummy text of the printing and typesetting industry.&lt; \/h2 &gt; This is a Heading 2 Element Nam convallis imperdiet pretium. Integer commodo malesuada purus, a hendrerit erat aliquet in. Nunc eget odio augue, non fringilla lacus. Sed condimentum justo sit amet urna ornare euismod. Vivamus ac leo quam, id porta felis.[\/vc_column_text][vc_column_text css=\u00a0\u00bb.vc_custom_1487830659253{padding-top: 30px !important;}\u00a0\u00bb]&lt; h3 &gt;Lorem Ipsum is simply dummy text of the printing and typesetting industry.&lt; \/h3 &gt; This is a Heading 3 Element Nam convallis imperdiet pretium. Integer commodo malesuada purus, a hendrerit erat aliquet in. Nunc eget odio augue, non fringilla lacus. Sed condimentum justo sit amet urna ornare euismod. Vivamus ac leo quam, id porta felis.[\/vc_column_text][vc_column_text css=\u00a0\u00bb.vc_custom_1487830668036{padding-top: 30px !important;}\u00a0\u00bb]&lt; h4 &gt;Lorem Ipsum is simply dummy text of the printing and typesetting industry.&lt; \/h4 &gt;&hellip; <a class=\"read-more-link\" href=\"http:\/\/www.destrancheesauxbarricades.com\/index.php\/typography\/\">Read More&#8230;<\/a><\/p>\n","protected":false},"author":1,"featured_media":0,"parent":0,"menu_order":0,"comment_status":"closed","ping_status":"closed","template":"","meta":{"_monsterinsights_skip_tracking":false,"_monsterinsights_sitenote_active":false,"_monsterinsights_sitenote_note":"","_monsterinsights_sitenote_category":0,"footnotes":""},"class_list":["post-915","page","type-page","status-publish","hentry"],"yoast_head":"<!-- This site is optimized with the Yoast SEO plugin v27.5 - https:\/\/yoast.com\/product\/yoast-seo-wordpress\/ -->\n<title>Typography - Des tranch\u00e9es aux barricades<\/title>\n<meta name=\"robots\" content=\"index, follow, max-snippet:-1, max-image-preview:large, max-video-preview:-1\" \/>\n<link rel=\"canonical\" href=\"https:\/\/www.destrancheesauxbarricades.com\/index.php\/typography\/\" \/>\n<meta property=\"og:locale\" content=\"fr_FR\" \/>\n<meta property=\"og:type\" content=\"article\" \/>\n<meta property=\"og:title\" content=\"Typography - Des tranch\u00e9es aux barricades\" \/>\n<meta property=\"og:description\" content=\"[vc_row css=\u00a0\u00bb.vc_custom_1503039110862{margin-bottom: 30px !important;}\u00a0\u00bb][vc_column el_class=\u00a0\u00bbh-family\u00a0\u00bb][vc_row_inner][vc_column_inner][vc_column_text css=\u00a0\u00bb.vc_custom_1487830626675{padding-top: 30px !important;}\u00a0\u00bb]&lt; h1 &gt;Lorem Ipsum is simply dummy text of the printing and typesetting industry.&lt; \/h1 &gt; This is a Heading 1 Element Nam convallis imperdiet pretium. Integer commodo malesuada purus, a hendrerit erat aliquet in. Nunc eget odio augue, non fringilla lacus. Sed condimentum justo sit amet urna ornare euismod. Vivamus ac leo quam, id porta felis.[\/vc_column_text][vc_column_text css=\u00a0\u00bb.vc_custom_1487830646791{padding-top: 30px !important;}\u00a0\u00bb]&lt; h2 &gt;Lorem Ipsum is simply dummy text of the printing and typesetting industry.&lt; \/h2 &gt; This is a Heading 2 Element Nam convallis imperdiet pretium. Integer commodo malesuada purus, a hendrerit erat aliquet in. Nunc eget odio augue, non fringilla lacus. Sed condimentum justo sit amet urna ornare euismod. Vivamus ac leo quam, id porta felis.[\/vc_column_text][vc_column_text css=\u00a0\u00bb.vc_custom_1487830659253{padding-top: 30px !important;}\u00a0\u00bb]&lt; h3 &gt;Lorem Ipsum is simply dummy text of the printing and typesetting industry.&lt; \/h3 &gt; This is a Heading 3 Element Nam convallis imperdiet pretium. Integer commodo malesuada purus, a hendrerit erat aliquet in. Nunc eget odio augue, non fringilla lacus. Sed condimentum justo sit amet urna ornare euismod. Vivamus ac leo quam, id porta felis.[\/vc_column_text][vc_column_text css=\u00a0\u00bb.vc_custom_1487830668036{padding-top: 30px !important;}\u00a0\u00bb]&lt; h4 &gt;Lorem Ipsum is simply dummy text of the printing and typesetting industry.&lt; \/h4 &gt;&hellip; Read More...\" \/>\n<meta property=\"og:url\" content=\"https:\/\/www.destrancheesauxbarricades.com\/index.php\/typography\/\" \/>\n<meta property=\"og:site_name\" content=\"Des tranch\u00e9es aux barricades\" \/>\n<meta name=\"twitter:card\" content=\"summary_large_image\" \/>\n<meta name=\"twitter:label1\" content=\"Dur\u00e9e de lecture estim\u00e9e\" \/>\n\t<meta name=\"twitter:data1\" content=\"3 minutes\" \/>\n<script type=\"application\/ld+json\" class=\"yoast-schema-graph\">{\"@context\":\"https:\\\/\\\/schema.org\",\"@graph\":[{\"@type\":\"WebPage\",\"@id\":\"https:\\\/\\\/www.destrancheesauxbarricades.com\\\/index.php\\\/typography\\\/\",\"url\":\"https:\\\/\\\/www.destrancheesauxbarricades.com\\\/index.php\\\/typography\\\/\",\"name\":\"Typography - Des tranch\u00e9es aux barricades\",\"isPartOf\":{\"@id\":\"http:\\\/\\\/www.destrancheesauxbarricades.com\\\/#website\"},\"datePublished\":\"2013-08-19T10:36:49+00:00\",\"breadcrumb\":{\"@id\":\"https:\\\/\\\/www.destrancheesauxbarricades.com\\\/index.php\\\/typography\\\/#breadcrumb\"},\"inLanguage\":\"fr-FR\",\"potentialAction\":[{\"@type\":\"ReadAction\",\"target\":[\"https:\\\/\\\/www.destrancheesauxbarricades.com\\\/index.php\\\/typography\\\/\"]}]},{\"@type\":\"BreadcrumbList\",\"@id\":\"https:\\\/\\\/www.destrancheesauxbarricades.com\\\/index.php\\\/typography\\\/#breadcrumb\",\"itemListElement\":[{\"@type\":\"ListItem\",\"position\":1,\"name\":\"Accueil\",\"item\":\"http:\\\/\\\/www.destrancheesauxbarricades.com\\\/\"},{\"@type\":\"ListItem\",\"position\":2,\"name\":\"Typography\"}]},{\"@type\":\"WebSite\",\"@id\":\"http:\\\/\\\/www.destrancheesauxbarricades.com\\\/#website\",\"url\":\"http:\\\/\\\/www.destrancheesauxbarricades.com\\\/\",\"name\":\"Des tranch\u00e9es aux barricades\",\"description\":\"Jeu d&#039;escarmouches au d\u00e9but du XXe si\u00e8cle\",\"potentialAction\":[{\"@type\":\"SearchAction\",\"target\":{\"@type\":\"EntryPoint\",\"urlTemplate\":\"http:\\\/\\\/www.destrancheesauxbarricades.com\\\/?s={search_term_string}\"},\"query-input\":{\"@type\":\"PropertyValueSpecification\",\"valueRequired\":true,\"valueName\":\"search_term_string\"}}],\"inLanguage\":\"fr-FR\"}]}<\/script>\n<!-- \/ Yoast SEO plugin. -->","yoast_head_json":{"title":"Typography - Des tranch\u00e9es aux barricades","robots":{"index":"index","follow":"follow","max-snippet":"max-snippet:-1","max-image-preview":"max-image-preview:large","max-video-preview":"max-video-preview:-1"},"canonical":"https:\/\/www.destrancheesauxbarricades.com\/index.php\/typography\/","og_locale":"fr_FR","og_type":"article","og_title":"Typography - Des tranch\u00e9es aux barricades","og_description":"[vc_row css=\u00a0\u00bb.vc_custom_1503039110862{margin-bottom: 30px !important;}\u00a0\u00bb][vc_column el_class=\u00a0\u00bbh-family\u00a0\u00bb][vc_row_inner][vc_column_inner][vc_column_text css=\u00a0\u00bb.vc_custom_1487830626675{padding-top: 30px !important;}\u00a0\u00bb]&lt; h1 &gt;Lorem Ipsum is simply dummy text of the printing and typesetting industry.&lt; \/h1 &gt; This is a Heading 1 Element Nam convallis imperdiet pretium. Integer commodo malesuada purus, a hendrerit erat aliquet in. Nunc eget odio augue, non fringilla lacus. Sed condimentum justo sit amet urna ornare euismod. Vivamus ac leo quam, id porta felis.[\/vc_column_text][vc_column_text css=\u00a0\u00bb.vc_custom_1487830646791{padding-top: 30px !important;}\u00a0\u00bb]&lt; h2 &gt;Lorem Ipsum is simply dummy text of the printing and typesetting industry.&lt; \/h2 &gt; This is a Heading 2 Element Nam convallis imperdiet pretium. Integer commodo malesuada purus, a hendrerit erat aliquet in. Nunc eget odio augue, non fringilla lacus. Sed condimentum justo sit amet urna ornare euismod. Vivamus ac leo quam, id porta felis.[\/vc_column_text][vc_column_text css=\u00a0\u00bb.vc_custom_1487830659253{padding-top: 30px !important;}\u00a0\u00bb]&lt; h3 &gt;Lorem Ipsum is simply dummy text of the printing and typesetting industry.&lt; \/h3 &gt; This is a Heading 3 Element Nam convallis imperdiet pretium. Integer commodo malesuada purus, a hendrerit erat aliquet in. Nunc eget odio augue, non fringilla lacus. Sed condimentum justo sit amet urna ornare euismod. Vivamus ac leo quam, id porta felis.[\/vc_column_text][vc_column_text css=\u00a0\u00bb.vc_custom_1487830668036{padding-top: 30px !important;}\u00a0\u00bb]&lt; h4 &gt;Lorem Ipsum is simply dummy text of the printing and typesetting industry.&lt; \/h4 &gt;&hellip; Read More...","og_url":"https:\/\/www.destrancheesauxbarricades.com\/index.php\/typography\/","og_site_name":"Des tranch\u00e9es aux barricades","twitter_card":"summary_large_image","twitter_misc":{"Dur\u00e9e de lecture estim\u00e9e":"3 minutes"},"schema":{"@context":"https:\/\/schema.org","@graph":[{"@type":"WebPage","@id":"https:\/\/www.destrancheesauxbarricades.com\/index.php\/typography\/","url":"https:\/\/www.destrancheesauxbarricades.com\/index.php\/typography\/","name":"Typography - Des tranch\u00e9es aux barricades","isPartOf":{"@id":"http:\/\/www.destrancheesauxbarricades.com\/#website"},"datePublished":"2013-08-19T10:36:49+00:00","breadcrumb":{"@id":"https:\/\/www.destrancheesauxbarricades.com\/index.php\/typography\/#breadcrumb"},"inLanguage":"fr-FR","potentialAction":[{"@type":"ReadAction","target":["https:\/\/www.destrancheesauxbarricades.com\/index.php\/typography\/"]}]},{"@type":"BreadcrumbList","@id":"https:\/\/www.destrancheesauxbarricades.com\/index.php\/typography\/#breadcrumb","itemListElement":[{"@type":"ListItem","position":1,"name":"Accueil","item":"http:\/\/www.destrancheesauxbarricades.com\/"},{"@type":"ListItem","position":2,"name":"Typography"}]},{"@type":"WebSite","@id":"http:\/\/www.destrancheesauxbarricades.com\/#website","url":"http:\/\/www.destrancheesauxbarricades.com\/","name":"Des tranch\u00e9es aux barricades","description":"Jeu d&#039;escarmouches au d\u00e9but du XXe si\u00e8cle","potentialAction":[{"@type":"SearchAction","target":{"@type":"EntryPoint","urlTemplate":"http:\/\/www.destrancheesauxbarricades.com\/?s={search_term_string}"},"query-input":{"@type":"PropertyValueSpecification","valueRequired":true,"valueName":"search_term_string"}}],"inLanguage":"fr-FR"}]}},"jetpack_sharing_enabled":true,"_links":{"self":[{"href":"http:\/\/www.destrancheesauxbarricades.com\/index.php\/wp-json\/wp\/v2\/pages\/915","targetHints":{"allow":["GET"]}}],"collection":[{"href":"http:\/\/www.destrancheesauxbarricades.com\/index.php\/wp-json\/wp\/v2\/pages"}],"about":[{"href":"http:\/\/www.destrancheesauxbarricades.com\/index.php\/wp-json\/wp\/v2\/types\/page"}],"author":[{"embeddable":true,"href":"http:\/\/www.destrancheesauxbarricades.com\/index.php\/wp-json\/wp\/v2\/users\/1"}],"replies":[{"embeddable":true,"href":"http:\/\/www.destrancheesauxbarricades.com\/index.php\/wp-json\/wp\/v2\/comments?post=915"}],"version-history":[{"count":0,"href":"http:\/\/www.destrancheesauxbarricades.com\/index.php\/wp-json\/wp\/v2\/pages\/915\/revisions"}],"wp:attachment":[{"href":"http:\/\/www.destrancheesauxbarricades.com\/index.php\/wp-json\/wp\/v2\/media?parent=915"}],"curies":[{"name":"wp","href":"https:\/\/api.w.org\/{rel}","templated":true}]}}