{"id":709,"date":"2013-08-19T10:15:06","date_gmt":"2013-08-19T10:15:06","guid":{"rendered":"http:\/\/192.168.0.101\/user24\/mahesh\/?page_id=709"},"modified":"2013-08-19T10:15:06","modified_gmt":"2013-08-19T10:15:06","slug":"2-columns","status":"publish","type":"page","link":"http:\/\/www.destrancheesauxbarricades.com\/index.php\/gallery\/2-columns\/","title":{"rendered":"2 Columns"},"content":{"rendered":"<p>[vc_row el_class=\u00a0\u00bbcustom-content-main\u00a0\u00bb][vc_column][vc_media_grid style=\u00a0\u00bbpagination\u00a0\u00bb items_per_page=\u00a0\u00bb8&Prime; element_width=\u00a0\u00bb6&Prime; arrows_design=\u00a0\u00bbvc_arrow-icon-arrow_01_left\u00a0\u00bb arrows_color=\u00a0\u00bbblack\u00a0\u00bb paging_design=\u00a0\u00bbpagination_square_dark\u00a0\u00bb item=\u00a0\u00bbmediaGrid_FadeInWithIcon\u00a0\u00bb initial_loading_animation=\u00a0\u00bbzoomIn\u00a0\u00bb grid_id=\u00a0\u00bbvc_gid:1552449359360-0d2dc7c7-c50f-4&Prime; include=\u00a0\u00bb8358,8359,8360,8361,8362,8363,8364,8365,8366,8367,8368,8369&Prime; css=\u00a0\u00bb.vc_custom_1552449411597{background-color: rgba(255,255,255,0.01) !important;*background-color: rgb(255,255,255) !important;}\u00a0\u00bb][\/vc_column][\/vc_row]<\/p>\n","protected":false},"excerpt":{"rendered":"<p>[vc_row el_class=\u00a0\u00bbcustom-content-main\u00a0\u00bb][vc_column][vc_media_grid style=\u00a0\u00bbpagination\u00a0\u00bb items_per_page=\u00a0\u00bb8&Prime; element_width=\u00a0\u00bb6&Prime; arrows_design=\u00a0\u00bbvc_arrow-icon-arrow_01_left\u00a0\u00bb arrows_color=\u00a0\u00bbblack\u00a0\u00bb paging_design=\u00a0\u00bbpagination_square_dark\u00a0\u00bb item=\u00a0\u00bbmediaGrid_FadeInWithIcon\u00a0\u00bb initial_loading_animation=\u00a0\u00bbzoomIn\u00a0\u00bb grid_id=\u00a0\u00bbvc_gid:1552449359360-0d2dc7c7-c50f-4&Prime; include=\u00a0\u00bb8358,8359,8360,8361,8362,8363,8364,8365,8366,8367,8368,8369&Prime; css=\u00a0\u00bb.vc_custom_1552449411597{background-color: rgba(255,255,255,0.01) !important;*background-color: rgb(255,255,255) !important;}\u00a0\u00bb][\/vc_column][\/vc_row]<\/p>\n","protected":false},"author":1,"featured_media":0,"parent":483,"menu_order":0,"comment_status":"closed","ping_status":"closed","template":"","meta":{"_monsterinsights_skip_tracking":false,"_monsterinsights_sitenote_active":false,"_monsterinsights_sitenote_note":"","_monsterinsights_sitenote_category":0,"footnotes":""},"class_list":["post-709","page","type-page","status-publish","hentry"],"yoast_head":"<!-- This site is optimized with the Yoast SEO plugin v27.5 - https:\/\/yoast.com\/product\/yoast-seo-wordpress\/ -->\n<title>2 Columns - Des tranch\u00e9es aux barricades<\/title>\n<meta name=\"robots\" content=\"index, follow, max-snippet:-1, max-image-preview:large, max-video-preview:-1\" \/>\n<link rel=\"canonical\" href=\"http:\/\/www.destrancheesauxbarricades.com\/index.php\/gallery\/2-columns\/\" \/>\n<meta property=\"og:locale\" content=\"fr_FR\" \/>\n<meta property=\"og:type\" content=\"article\" \/>\n<meta property=\"og:title\" content=\"2 Columns - Des tranch\u00e9es aux barricades\" \/>\n<meta property=\"og:description\" content=\"[vc_row el_class=\u00a0\u00bbcustom-content-main\u00a0\u00bb][vc_column][vc_media_grid style=\u00a0\u00bbpagination\u00a0\u00bb items_per_page=\u00a0\u00bb8&Prime; element_width=\u00a0\u00bb6&Prime; arrows_design=\u00a0\u00bbvc_arrow-icon-arrow_01_left\u00a0\u00bb arrows_color=\u00a0\u00bbblack\u00a0\u00bb paging_design=\u00a0\u00bbpagination_square_dark\u00a0\u00bb item=\u00a0\u00bbmediaGrid_FadeInWithIcon\u00a0\u00bb initial_loading_animation=\u00a0\u00bbzoomIn\u00a0\u00bb grid_id=\u00a0\u00bbvc_gid:1552449359360-0d2dc7c7-c50f-4&Prime; include=\u00a0\u00bb8358,8359,8360,8361,8362,8363,8364,8365,8366,8367,8368,8369&Prime; css=\u00a0\u00bb.vc_custom_1552449411597{background-color: rgba(255,255,255,0.01) !important;*background-color: rgb(255,255,255) !important;}\u00a0\u00bb][\/vc_column][\/vc_row]\" \/>\n<meta property=\"og:url\" content=\"http:\/\/www.destrancheesauxbarricades.com\/index.php\/gallery\/2-columns\/\" \/>\n<meta property=\"og:site_name\" content=\"Des tranch\u00e9es aux barricades\" \/>\n<meta name=\"twitter:card\" content=\"summary_large_image\" \/>\n<script type=\"application\/ld+json\" class=\"yoast-schema-graph\">{\"@context\":\"https:\\\/\\\/schema.org\",\"@graph\":[{\"@type\":\"WebPage\",\"@id\":\"http:\\\/\\\/www.destrancheesauxbarricades.com\\\/index.php\\\/gallery\\\/2-columns\\\/\",\"url\":\"http:\\\/\\\/www.destrancheesauxbarricades.com\\\/index.php\\\/gallery\\\/2-columns\\\/\",\"name\":\"2 Columns - Des tranch\u00e9es aux barricades\",\"isPartOf\":{\"@id\":\"https:\\\/\\\/www.destrancheesauxbarricades.com\\\/#website\"},\"datePublished\":\"2013-08-19T10:15:06+00:00\",\"breadcrumb\":{\"@id\":\"http:\\\/\\\/www.destrancheesauxbarricades.com\\\/index.php\\\/gallery\\\/2-columns\\\/#breadcrumb\"},\"inLanguage\":\"fr-FR\",\"potentialAction\":[{\"@type\":\"ReadAction\",\"target\":[\"http:\\\/\\\/www.destrancheesauxbarricades.com\\\/index.php\\\/gallery\\\/2-columns\\\/\"]}]},{\"@type\":\"BreadcrumbList\",\"@id\":\"http:\\\/\\\/www.destrancheesauxbarricades.com\\\/index.php\\\/gallery\\\/2-columns\\\/#breadcrumb\",\"itemListElement\":[{\"@type\":\"ListItem\",\"position\":1,\"name\":\"Accueil\",\"item\":\"https:\\\/\\\/www.destrancheesauxbarricades.com\\\/\"},{\"@type\":\"ListItem\",\"position\":2,\"name\":\"Gallery\",\"item\":\"http:\\\/\\\/www.destrancheesauxbarricades.com\\\/index.php\\\/gallery\\\/\"},{\"@type\":\"ListItem\",\"position\":3,\"name\":\"2 Columns\"}]},{\"@type\":\"WebSite\",\"@id\":\"https:\\\/\\\/www.destrancheesauxbarricades.com\\\/#website\",\"url\":\"https:\\\/\\\/www.destrancheesauxbarricades.com\\\/\",\"name\":\"Des tranch\u00e9es aux barricades\",\"description\":\"Jeu d&#039;escarmouches au d\u00e9but du XXe si\u00e8cle\",\"potentialAction\":[{\"@type\":\"SearchAction\",\"target\":{\"@type\":\"EntryPoint\",\"urlTemplate\":\"https:\\\/\\\/www.destrancheesauxbarricades.com\\\/?s={search_term_string}\"},\"query-input\":{\"@type\":\"PropertyValueSpecification\",\"valueRequired\":true,\"valueName\":\"search_term_string\"}}],\"inLanguage\":\"fr-FR\"}]}<\/script>\n<!-- \/ Yoast SEO plugin. -->","yoast_head_json":{"title":"2 Columns - Des tranch\u00e9es aux barricades","robots":{"index":"index","follow":"follow","max-snippet":"max-snippet:-1","max-image-preview":"max-image-preview:large","max-video-preview":"max-video-preview:-1"},"canonical":"http:\/\/www.destrancheesauxbarricades.com\/index.php\/gallery\/2-columns\/","og_locale":"fr_FR","og_type":"article","og_title":"2 Columns - Des tranch\u00e9es aux barricades","og_description":"[vc_row el_class=\u00a0\u00bbcustom-content-main\u00a0\u00bb][vc_column][vc_media_grid style=\u00a0\u00bbpagination\u00a0\u00bb items_per_page=\u00a0\u00bb8&Prime; element_width=\u00a0\u00bb6&Prime; arrows_design=\u00a0\u00bbvc_arrow-icon-arrow_01_left\u00a0\u00bb arrows_color=\u00a0\u00bbblack\u00a0\u00bb paging_design=\u00a0\u00bbpagination_square_dark\u00a0\u00bb item=\u00a0\u00bbmediaGrid_FadeInWithIcon\u00a0\u00bb initial_loading_animation=\u00a0\u00bbzoomIn\u00a0\u00bb grid_id=\u00a0\u00bbvc_gid:1552449359360-0d2dc7c7-c50f-4&Prime; include=\u00a0\u00bb8358,8359,8360,8361,8362,8363,8364,8365,8366,8367,8368,8369&Prime; css=\u00a0\u00bb.vc_custom_1552449411597{background-color: rgba(255,255,255,0.01) !important;*background-color: rgb(255,255,255) !important;}\u00a0\u00bb][\/vc_column][\/vc_row]","og_url":"http:\/\/www.destrancheesauxbarricades.com\/index.php\/gallery\/2-columns\/","og_site_name":"Des tranch\u00e9es aux barricades","twitter_card":"summary_large_image","schema":{"@context":"https:\/\/schema.org","@graph":[{"@type":"WebPage","@id":"http:\/\/www.destrancheesauxbarricades.com\/index.php\/gallery\/2-columns\/","url":"http:\/\/www.destrancheesauxbarricades.com\/index.php\/gallery\/2-columns\/","name":"2 Columns - Des tranch\u00e9es aux barricades","isPartOf":{"@id":"https:\/\/www.destrancheesauxbarricades.com\/#website"},"datePublished":"2013-08-19T10:15:06+00:00","breadcrumb":{"@id":"http:\/\/www.destrancheesauxbarricades.com\/index.php\/gallery\/2-columns\/#breadcrumb"},"inLanguage":"fr-FR","potentialAction":[{"@type":"ReadAction","target":["http:\/\/www.destrancheesauxbarricades.com\/index.php\/gallery\/2-columns\/"]}]},{"@type":"BreadcrumbList","@id":"http:\/\/www.destrancheesauxbarricades.com\/index.php\/gallery\/2-columns\/#breadcrumb","itemListElement":[{"@type":"ListItem","position":1,"name":"Accueil","item":"https:\/\/www.destrancheesauxbarricades.com\/"},{"@type":"ListItem","position":2,"name":"Gallery","item":"http:\/\/www.destrancheesauxbarricades.com\/index.php\/gallery\/"},{"@type":"ListItem","position":3,"name":"2 Columns"}]},{"@type":"WebSite","@id":"https:\/\/www.destrancheesauxbarricades.com\/#website","url":"https:\/\/www.destrancheesauxbarricades.com\/","name":"Des tranch\u00e9es aux barricades","description":"Jeu d&#039;escarmouches au d\u00e9but du XXe si\u00e8cle","potentialAction":[{"@type":"SearchAction","target":{"@type":"EntryPoint","urlTemplate":"https:\/\/www.destrancheesauxbarricades.com\/?s={search_term_string}"},"query-input":{"@type":"PropertyValueSpecification","valueRequired":true,"valueName":"search_term_string"}}],"inLanguage":"fr-FR"}]}},"jetpack_sharing_enabled":true,"_links":{"self":[{"href":"http:\/\/www.destrancheesauxbarricades.com\/index.php\/wp-json\/wp\/v2\/pages\/709","targetHints":{"allow":["GET"]}}],"collection":[{"href":"http:\/\/www.destrancheesauxbarricades.com\/index.php\/wp-json\/wp\/v2\/pages"}],"about":[{"href":"http:\/\/www.destrancheesauxbarricades.com\/index.php\/wp-json\/wp\/v2\/types\/page"}],"author":[{"embeddable":true,"href":"http:\/\/www.destrancheesauxbarricades.com\/index.php\/wp-json\/wp\/v2\/users\/1"}],"replies":[{"embeddable":true,"href":"http:\/\/www.destrancheesauxbarricades.com\/index.php\/wp-json\/wp\/v2\/comments?post=709"}],"version-history":[{"count":0,"href":"http:\/\/www.destrancheesauxbarricades.com\/index.php\/wp-json\/wp\/v2\/pages\/709\/revisions"}],"up":[{"embeddable":true,"href":"http:\/\/www.destrancheesauxbarricades.com\/index.php\/wp-json\/wp\/v2\/pages\/483"}],"wp:attachment":[{"href":"http:\/\/www.destrancheesauxbarricades.com\/index.php\/wp-json\/wp\/v2\/media?parent=709"}],"curies":[{"name":"wp","href":"https:\/\/api.w.org\/{rel}","templated":true}]}}