{"id":5493,"date":"2016-12-12T05:57:13","date_gmt":"2016-12-12T05:57:13","guid":{"rendered":"http:\/\/192.168.0.101\/user13\/wordpress\/Bigshopper_fullwidth\/?page_id=5493"},"modified":"2016-12-12T05:57:13","modified_gmt":"2016-12-12T05:57:13","slug":"progress-bar-pie-chart","status":"publish","type":"page","link":"http:\/\/www.destrancheesauxbarricades.com\/index.php\/progress-bar-pie-chart\/","title":{"rendered":"Progress Bar &#038;  Pie Chart"},"content":{"rendered":"<p>[vc_row css=\u00a0\u00bb.vc_custom_1487832171084{margin-bottom: 30px !important;padding-top: 30px !important;padding-bottom: 30px !important;}\u00a0\u00bb][vc_column]<div class=\"shortcode-title center \"><h3 class=\"normal-title\">Progress bar<\/h3><\/div>[vc_progress_bar values=\u00a0\u00bb%5B%7B%22label%22%3A%22Development%22%2C%22value%22%3A%2290%22%7D%2C%7B%22label%22%3A%22Design%22%2C%22value%22%3A%2280%22%7D%2C%7B%22label%22%3A%22Marketing%22%2C%22value%22%3A%2270%22%7D%2C%7B%22label%22%3A%22Testing%22%2C%22value%22%3A%2283%22%7D%5D\u00a0\u00bb bgcolor=\u00a0\u00bbcustom\u00a0\u00bb options=\u00a0\u00bbanimated\u00a0\u00bb css_animation=\u00a0\u00bbnone\u00a0\u00bb custombgcolor=\u00a0\u00bb#0e1932&Prime; customtxtcolor=\u00a0\u00bb#ffffff\u00a0\u00bb css=\u00a0\u00bb.vc_custom_1520850471549{padding-top: 10px !important;}\u00a0\u00bb][\/vc_column][\/vc_row][vc_row css=\u00a0\u00bb.vc_custom_1487830759488{margin-bottom: 30px !important;padding-top: 30px !important;padding-bottom: 30px !important;}\u00a0\u00bb][vc_column]<div class=\"shortcode-title center \"><h3 class=\"normal-title\">Pie Chart<\/h3><\/div>[vc_row_inner][vc_column_inner width=\u00a0\u00bb1\/3&Prime;][vc_pie value=\u00a0\u00bb30&Prime; label_value=\u00a0\u00bbAnalysis\u00a0\u00bb color=\u00a0\u00bbcustom\u00a0\u00bb custom_color=\u00a0\u00bb#2196f3&Prime; css=\u00a0\u00bb.vc_custom_1487331830675{padding-top: 10px !important;}\u00a0\u00bb units=\u00a0\u00bb30&Prime;][\/vc_column_inner][vc_column_inner width=\u00a0\u00bb1\/3&Prime;][vc_pie value=\u00a0\u00bb80&Prime; label_value=\u00a0\u00bbLorem Dolor\u00a0\u00bb color=\u00a0\u00bbcustom\u00a0\u00bb custom_color=\u00a0\u00bb#0e1932&Prime; css=\u00a0\u00bb.vc_custom_1520850432563{padding-top: 10px !important;}\u00a0\u00bb units=\u00a0\u00bb80&Prime;][\/vc_column_inner][vc_column_inner width=\u00a0\u00bb1\/3&Prime;][vc_pie label_value=\u00a0\u00bbPlannning\u00a0\u00bb color=\u00a0\u00bbcustom\u00a0\u00bb custom_color=\u00a0\u00bb#ffc301&Prime; css=\u00a0\u00bb.vc_custom_1487331764854{padding-top: 10px !important;}\u00a0\u00bb units=\u00a0\u00bb50&Prime;][\/vc_column_inner][\/vc_row_inner][\/vc_column][\/vc_row][vc_row css=\u00a0\u00bb.vc_custom_1487830764981{margin-bottom: 30px !important;padding-top: 30px !important;padding-bottom: 30px !important;}\u00a0\u00bb][vc_column]<div class=\"shortcode-title center \"><h3 class=\"normal-title\">Round Chart<\/h3><\/div>[vc_row_inner css=\u00a0\u00bb.vc_custom_1483949998785{padding-top: 10px !important;}\u00a0\u00bb][vc_column_inner width=\u00a0\u00bb1\/2&Prime;][vc_round_chart type=\u00a0\u00bbdoughnut\u00a0\u00bb stroke_width=\u00a0\u00bb5&Prime; stroke_color=\u00a0\u00bbgrey\u00a0\u00bb values=\u00a0\u00bb%5B%7B%22title%22%3A%22Planning%22%2C%22value%22%3A%2230%22%2C%22color%22%3A%22blue%22%7D%2C%7B%22title%22%3A%22Analysis%22%2C%22value%22%3A%2240%22%2C%22color%22%3A%22pink%22%7D%2C%7B%22title%22%3A%22Design%22%2C%22value%22%3A%2240%22%2C%22color%22%3A%22chino%22%7D%2C%7B%22title%22%3A%22Coding%22%2C%22value%22%3A%2260%22%2C%22color%22%3A%22sandy-brown%22%7D%2C%7B%22title%22%3A%22Testing%22%2C%22value%22%3A%2220%22%2C%22color%22%3A%22orange%22%7D%5D\u00a0\u00bb][\/vc_column_inner][vc_column_inner width=\u00a0\u00bb1\/2&Prime;][vc_round_chart stroke_width=\u00a0\u00bb5&Prime; stroke_color=\u00a0\u00bbgrey\u00a0\u00bb values=\u00a0\u00bb%5B%7B%22title%22%3A%22Planning%22%2C%22value%22%3A%2230%22%2C%22color%22%3A%22blue%22%7D%2C%7B%22title%22%3A%22Analysis%22%2C%22value%22%3A%2240%22%2C%22color%22%3A%22pink%22%7D%2C%7B%22title%22%3A%22Design%22%2C%22value%22%3A%2240%22%2C%22color%22%3A%22chino%22%7D%2C%7B%22title%22%3A%22Coding%22%2C%22value%22%3A%2260%22%2C%22color%22%3A%22sandy-brown%22%7D%2C%7B%22title%22%3A%22Testing%22%2C%22value%22%3A%2220%22%2C%22color%22%3A%22orange%22%7D%5D\u00a0\u00bb][\/vc_column_inner][\/vc_row_inner][\/vc_column][\/vc_row][vc_row css=\u00a0\u00bb.vc_custom_1487331695618{margin-bottom: 30px !important;padding-top: 30px !important;padding-bottom: 20px !important;}\u00a0\u00bb][vc_column]<div class=\"shortcode-title center \"><h3 class=\"normal-title\">Line Chart<\/h3><\/div>[vc_row_inner css=\u00a0\u00bb.vc_custom_1483949759283{padding-top: 10px !important;}\u00a0\u00bb][vc_column_inner width=\u00a0\u00bb1\/2&Prime;][vc_line_chart style=\u00a0\u00bbcustom\u00a0\u00bb values=\u00a0\u00bb%5B%7B%22title%22%3A%22One%22%2C%22y_values%22%3A%2210%3B%2015%3B%2020%3B%2025%3B%2027%3B%2025%3B%2023%3B%2025%22%2C%22color%22%3A%22blue%22%2C%22custom_color%22%3A%22%230e1932%22%7D%2C%7B%22title%22%3A%22Two%22%2C%22y_values%22%3A%2225%3B%2018%3B%2016%3B%2017%3B%2020%3B%2025%3B%2030%3B%2035%22%2C%22color%22%3A%22pink%22%2C%22custom_color%22%3A%22%23b5b5b5%22%7D%5D\u00a0\u00bb animation=\u00a0\u00bbeaseOutQuart\u00a0\u00bb][\/vc_column_inner][vc_column_inner width=\u00a0\u00bb1\/2&Prime;][vc_line_chart type=\u00a0\u00bbline\u00a0\u00bb values=\u00a0\u00bb%5B%7B%22title%22%3A%22One%22%2C%22y_values%22%3A%2210%3B%2015%3B%2020%3B%2025%3B%2027%3B%2025%3B%2023%3B%2025%22%2C%22color%22%3A%22blue%22%7D%2C%7B%22title%22%3A%22Two%22%2C%22y_values%22%3A%2225%3B%2018%3B%2016%3B%2017%3B%2020%3B%2025%3B%2030%3B%2035%22%2C%22color%22%3A%22pink%22%7D%5D\u00a0\u00bb][\/vc_column_inner][\/vc_row_inner][\/vc_column][\/vc_row]<\/p>\n","protected":false},"excerpt":{"rendered":"<p>[vc_row css=\u00a0\u00bb.vc_custom_1487832171084{margin-bottom: 30px !important;padding-top: 30px !important;padding-bottom: 30px !important;}\u00a0\u00bb][vc_column][vc_progress_bar values=\u00a0\u00bb%5B%7B%22label%22%3A%22Development%22%2C%22value%22%3A%2290%22%7D%2C%7B%22label%22%3A%22Design%22%2C%22value%22%3A%2280%22%7D%2C%7B%22label%22%3A%22Marketing%22%2C%22value%22%3A%2270%22%7D%2C%7B%22label%22%3A%22Testing%22%2C%22value%22%3A%2283%22%7D%5D\u00a0\u00bb bgcolor=\u00a0\u00bbcustom\u00a0\u00bb options=\u00a0\u00bbanimated\u00a0\u00bb css_animation=\u00a0\u00bbnone\u00a0\u00bb custombgcolor=\u00a0\u00bb#0e1932&Prime; customtxtcolor=\u00a0\u00bb#ffffff\u00a0\u00bb css=\u00a0\u00bb.vc_custom_1520850471549{padding-top: 10px !important;}\u00a0\u00bb][\/vc_column][\/vc_row][vc_row css=\u00a0\u00bb.vc_custom_1487830759488{margin-bottom: 30px !important;padding-top: 30px !important;padding-bottom: 30px !important;}\u00a0\u00bb][vc_column][vc_row_inner][vc_column_inner width=\u00a0\u00bb1\/3&Prime;][vc_pie value=\u00a0\u00bb30&Prime; label_value=\u00a0\u00bbAnalysis\u00a0\u00bb color=\u00a0\u00bbcustom\u00a0\u00bb custom_color=\u00a0\u00bb#2196f3&Prime; css=\u00a0\u00bb.vc_custom_1487331830675{padding-top: 10px !important;}\u00a0\u00bb units=\u00a0\u00bb30&Prime;][\/vc_column_inner][vc_column_inner width=\u00a0\u00bb1\/3&Prime;][vc_pie value=\u00a0\u00bb80&Prime; label_value=\u00a0\u00bbLorem Dolor\u00a0\u00bb color=\u00a0\u00bbcustom\u00a0\u00bb custom_color=\u00a0\u00bb#0e1932&Prime; css=\u00a0\u00bb.vc_custom_1520850432563{padding-top: 10px !important;}\u00a0\u00bb units=\u00a0\u00bb80&Prime;][\/vc_column_inner][vc_column_inner width=\u00a0\u00bb1\/3&Prime;][vc_pie label_value=\u00a0\u00bbPlannning\u00a0\u00bb color=\u00a0\u00bbcustom\u00a0\u00bb custom_color=\u00a0\u00bb#ffc301&Prime; css=\u00a0\u00bb.vc_custom_1487331764854{padding-top: 10px !important;}\u00a0\u00bb units=\u00a0\u00bb50&Prime;][\/vc_column_inner][\/vc_row_inner][\/vc_column][\/vc_row][vc_row css=\u00a0\u00bb.vc_custom_1487830764981{margin-bottom: 30px !important;padding-top: 30px !important;padding-bottom: 30px !important;}\u00a0\u00bb][vc_column][vc_row_inner css=\u00a0\u00bb.vc_custom_1483949998785{padding-top: 10px !important;}\u00a0\u00bb][vc_column_inner width=\u00a0\u00bb1\/2&Prime;][vc_round_chart type=\u00a0\u00bbdoughnut\u00a0\u00bb stroke_width=\u00a0\u00bb5&Prime; stroke_color=\u00a0\u00bbgrey\u00a0\u00bb values=\u00a0\u00bb%5B%7B%22title%22%3A%22Planning%22%2C%22value%22%3A%2230%22%2C%22color%22%3A%22blue%22%7D%2C%7B%22title%22%3A%22Analysis%22%2C%22value%22%3A%2240%22%2C%22color%22%3A%22pink%22%7D%2C%7B%22title%22%3A%22Design%22%2C%22value%22%3A%2240%22%2C%22color%22%3A%22chino%22%7D%2C%7B%22title%22%3A%22Coding%22%2C%22value%22%3A%2260%22%2C%22color%22%3A%22sandy-brown%22%7D%2C%7B%22title%22%3A%22Testing%22%2C%22value%22%3A%2220%22%2C%22color%22%3A%22orange%22%7D%5D\u00a0\u00bb][\/vc_column_inner][vc_column_inner width=\u00a0\u00bb1\/2&Prime;][vc_round_chart stroke_width=\u00a0\u00bb5&Prime; stroke_color=\u00a0\u00bbgrey\u00a0\u00bb values=\u00a0\u00bb%5B%7B%22title%22%3A%22Planning%22%2C%22value%22%3A%2230%22%2C%22color%22%3A%22blue%22%7D%2C%7B%22title%22%3A%22Analysis%22%2C%22value%22%3A%2240%22%2C%22color%22%3A%22pink%22%7D%2C%7B%22title%22%3A%22Design%22%2C%22value%22%3A%2240%22%2C%22color%22%3A%22chino%22%7D%2C%7B%22title%22%3A%22Coding%22%2C%22value%22%3A%2260%22%2C%22color%22%3A%22sandy-brown%22%7D%2C%7B%22title%22%3A%22Testing%22%2C%22value%22%3A%2220%22%2C%22color%22%3A%22orange%22%7D%5D\u00a0\u00bb][\/vc_column_inner][\/vc_row_inner][\/vc_column][\/vc_row][vc_row css=\u00a0\u00bb.vc_custom_1487331695618{margin-bottom: 30px !important;padding-top: 30px !important;padding-bottom: 20px !important;}\u00a0\u00bb][vc_column][vc_row_inner css=\u00a0\u00bb.vc_custom_1483949759283{padding-top: 10px !important;}\u00a0\u00bb][vc_column_inner width=\u00a0\u00bb1\/2&Prime;][vc_line_chart style=\u00a0\u00bbcustom\u00a0\u00bb values=\u00a0\u00bb%5B%7B%22title%22%3A%22One%22%2C%22y_values%22%3A%2210%3B%2015%3B%2020%3B%2025%3B%2027%3B%2025%3B%2023%3B%2025%22%2C%22color%22%3A%22blue%22%2C%22custom_color%22%3A%22%230e1932%22%7D%2C%7B%22title%22%3A%22Two%22%2C%22y_values%22%3A%2225%3B%2018%3B%2016%3B%2017%3B%2020%3B%2025%3B%2030%3B%2035%22%2C%22color%22%3A%22pink%22%2C%22custom_color%22%3A%22%23b5b5b5%22%7D%5D\u00a0\u00bb animation=\u00a0\u00bbeaseOutQuart\u00a0\u00bb][\/vc_column_inner][vc_column_inner width=\u00a0\u00bb1\/2&Prime;][vc_line_chart type=\u00a0\u00bbline\u00a0\u00bb values=\u00a0\u00bb%5B%7B%22title%22%3A%22One%22%2C%22y_values%22%3A%2210%3B%2015%3B%2020%3B%2025%3B%2027%3B%2025%3B%2023%3B%2025%22%2C%22color%22%3A%22blue%22%7D%2C%7B%22title%22%3A%22Two%22%2C%22y_values%22%3A%2225%3B%2018%3B%2016%3B%2017%3B%2020%3B%2025%3B%2030%3B%2035%22%2C%22color%22%3A%22pink%22%7D%5D\u00a0\u00bb][\/vc_column_inner][\/vc_row_inner][\/vc_column][\/vc_row]<\/p>\n","protected":false},"author":1,"featured_media":0,"parent":0,"menu_order":0,"comment_status":"closed","ping_status":"closed","template":"","meta":{"_monsterinsights_skip_tracking":false,"_monsterinsights_sitenote_active":false,"_monsterinsights_sitenote_note":"","_monsterinsights_sitenote_category":0,"footnotes":""},"class_list":["post-5493","page","type-page","status-publish","hentry"],"yoast_head":"<!-- This site is optimized with the Yoast SEO plugin v27.4 - https:\/\/yoast.com\/product\/yoast-seo-wordpress\/ -->\n<title>Progress Bar &amp; Pie Chart - Des tranch\u00e9es aux barricades<\/title>\n<meta name=\"robots\" content=\"index, follow, max-snippet:-1, max-image-preview:large, max-video-preview:-1\" \/>\n<link rel=\"canonical\" href=\"http:\/\/www.destrancheesauxbarricades.com\/index.php\/progress-bar-pie-chart\/\" \/>\n<meta property=\"og:locale\" content=\"fr_FR\" \/>\n<meta property=\"og:type\" content=\"article\" \/>\n<meta property=\"og:title\" content=\"Progress Bar &amp; Pie Chart - Des tranch\u00e9es aux barricades\" \/>\n<meta property=\"og:description\" content=\"[vc_row css=\u00a0\u00bb.vc_custom_1487832171084{margin-bottom: 30px !important;padding-top: 30px !important;padding-bottom: 30px !important;}\u00a0\u00bb][vc_column][vc_progress_bar values=\u00a0\u00bb%5B%7B%22label%22%3A%22Development%22%2C%22value%22%3A%2290%22%7D%2C%7B%22label%22%3A%22Design%22%2C%22value%22%3A%2280%22%7D%2C%7B%22label%22%3A%22Marketing%22%2C%22value%22%3A%2270%22%7D%2C%7B%22label%22%3A%22Testing%22%2C%22value%22%3A%2283%22%7D%5D\u00a0\u00bb bgcolor=\u00a0\u00bbcustom\u00a0\u00bb options=\u00a0\u00bbanimated\u00a0\u00bb css_animation=\u00a0\u00bbnone\u00a0\u00bb custombgcolor=\u00a0\u00bb#0e1932&Prime; customtxtcolor=\u00a0\u00bb#ffffff\u00a0\u00bb css=\u00a0\u00bb.vc_custom_1520850471549{padding-top: 10px !important;}\u00a0\u00bb][\/vc_column][\/vc_row][vc_row css=\u00a0\u00bb.vc_custom_1487830759488{margin-bottom: 30px !important;padding-top: 30px !important;padding-bottom: 30px !important;}\u00a0\u00bb][vc_column][vc_row_inner][vc_column_inner width=\u00a0\u00bb1\/3&Prime;][vc_pie value=\u00a0\u00bb30&Prime; label_value=\u00a0\u00bbAnalysis\u00a0\u00bb color=\u00a0\u00bbcustom\u00a0\u00bb custom_color=\u00a0\u00bb#2196f3&Prime; css=\u00a0\u00bb.vc_custom_1487331830675{padding-top: 10px !important;}\u00a0\u00bb units=\u00a0\u00bb30&Prime;][\/vc_column_inner][vc_column_inner width=\u00a0\u00bb1\/3&Prime;][vc_pie value=\u00a0\u00bb80&Prime; label_value=\u00a0\u00bbLorem Dolor\u00a0\u00bb color=\u00a0\u00bbcustom\u00a0\u00bb custom_color=\u00a0\u00bb#0e1932&Prime; css=\u00a0\u00bb.vc_custom_1520850432563{padding-top: 10px !important;}\u00a0\u00bb units=\u00a0\u00bb80&Prime;][\/vc_column_inner][vc_column_inner width=\u00a0\u00bb1\/3&Prime;][vc_pie label_value=\u00a0\u00bbPlannning\u00a0\u00bb color=\u00a0\u00bbcustom\u00a0\u00bb custom_color=\u00a0\u00bb#ffc301&Prime; css=\u00a0\u00bb.vc_custom_1487331764854{padding-top: 10px !important;}\u00a0\u00bb units=\u00a0\u00bb50&Prime;][\/vc_column_inner][\/vc_row_inner][\/vc_column][\/vc_row][vc_row css=\u00a0\u00bb.vc_custom_1487830764981{margin-bottom: 30px !important;padding-top: 30px !important;padding-bottom: 30px !important;}\u00a0\u00bb][vc_column][vc_row_inner css=\u00a0\u00bb.vc_custom_1483949998785{padding-top: 10px !important;}\u00a0\u00bb][vc_column_inner width=\u00a0\u00bb1\/2&Prime;][vc_round_chart type=\u00a0\u00bbdoughnut\u00a0\u00bb stroke_width=\u00a0\u00bb5&Prime; stroke_color=\u00a0\u00bbgrey\u00a0\u00bb values=\u00a0\u00bb%5B%7B%22title%22%3A%22Planning%22%2C%22value%22%3A%2230%22%2C%22color%22%3A%22blue%22%7D%2C%7B%22title%22%3A%22Analysis%22%2C%22value%22%3A%2240%22%2C%22color%22%3A%22pink%22%7D%2C%7B%22title%22%3A%22Design%22%2C%22value%22%3A%2240%22%2C%22color%22%3A%22chino%22%7D%2C%7B%22title%22%3A%22Coding%22%2C%22value%22%3A%2260%22%2C%22color%22%3A%22sandy-brown%22%7D%2C%7B%22title%22%3A%22Testing%22%2C%22value%22%3A%2220%22%2C%22color%22%3A%22orange%22%7D%5D\u00a0\u00bb][\/vc_column_inner][vc_column_inner width=\u00a0\u00bb1\/2&Prime;][vc_round_chart stroke_width=\u00a0\u00bb5&Prime; stroke_color=\u00a0\u00bbgrey\u00a0\u00bb values=\u00a0\u00bb%5B%7B%22title%22%3A%22Planning%22%2C%22value%22%3A%2230%22%2C%22color%22%3A%22blue%22%7D%2C%7B%22title%22%3A%22Analysis%22%2C%22value%22%3A%2240%22%2C%22color%22%3A%22pink%22%7D%2C%7B%22title%22%3A%22Design%22%2C%22value%22%3A%2240%22%2C%22color%22%3A%22chino%22%7D%2C%7B%22title%22%3A%22Coding%22%2C%22value%22%3A%2260%22%2C%22color%22%3A%22sandy-brown%22%7D%2C%7B%22title%22%3A%22Testing%22%2C%22value%22%3A%2220%22%2C%22color%22%3A%22orange%22%7D%5D\u00a0\u00bb][\/vc_column_inner][\/vc_row_inner][\/vc_column][\/vc_row][vc_row css=\u00a0\u00bb.vc_custom_1487331695618{margin-bottom: 30px !important;padding-top: 30px !important;padding-bottom: 20px !important;}\u00a0\u00bb][vc_column][vc_row_inner css=\u00a0\u00bb.vc_custom_1483949759283{padding-top: 10px !important;}\u00a0\u00bb][vc_column_inner width=\u00a0\u00bb1\/2&Prime;][vc_line_chart style=\u00a0\u00bbcustom\u00a0\u00bb values=\u00a0\u00bb%5B%7B%22title%22%3A%22One%22%2C%22y_values%22%3A%2210%3B%2015%3B%2020%3B%2025%3B%2027%3B%2025%3B%2023%3B%2025%22%2C%22color%22%3A%22blue%22%2C%22custom_color%22%3A%22%230e1932%22%7D%2C%7B%22title%22%3A%22Two%22%2C%22y_values%22%3A%2225%3B%2018%3B%2016%3B%2017%3B%2020%3B%2025%3B%2030%3B%2035%22%2C%22color%22%3A%22pink%22%2C%22custom_color%22%3A%22%23b5b5b5%22%7D%5D\u00a0\u00bb animation=\u00a0\u00bbeaseOutQuart\u00a0\u00bb][\/vc_column_inner][vc_column_inner width=\u00a0\u00bb1\/2&Prime;][vc_line_chart type=\u00a0\u00bbline\u00a0\u00bb values=\u00a0\u00bb%5B%7B%22title%22%3A%22One%22%2C%22y_values%22%3A%2210%3B%2015%3B%2020%3B%2025%3B%2027%3B%2025%3B%2023%3B%2025%22%2C%22color%22%3A%22blue%22%7D%2C%7B%22title%22%3A%22Two%22%2C%22y_values%22%3A%2225%3B%2018%3B%2016%3B%2017%3B%2020%3B%2025%3B%2030%3B%2035%22%2C%22color%22%3A%22pink%22%7D%5D\u00a0\u00bb][\/vc_column_inner][\/vc_row_inner][\/vc_column][\/vc_row]\" \/>\n<meta property=\"og:url\" content=\"http:\/\/www.destrancheesauxbarricades.com\/index.php\/progress-bar-pie-chart\/\" \/>\n<meta property=\"og:site_name\" content=\"Des tranch\u00e9es aux barricades\" \/>\n<meta name=\"twitter:card\" content=\"summary_large_image\" \/>\n<meta name=\"twitter:label1\" content=\"Dur\u00e9e de lecture estim\u00e9e\" \/>\n\t<meta name=\"twitter:data1\" content=\"3 minutes\" \/>\n<script type=\"application\/ld+json\" class=\"yoast-schema-graph\">{\"@context\":\"https:\\\/\\\/schema.org\",\"@graph\":[{\"@type\":\"WebPage\",\"@id\":\"http:\\\/\\\/www.destrancheesauxbarricades.com\\\/index.php\\\/progress-bar-pie-chart\\\/\",\"url\":\"http:\\\/\\\/www.destrancheesauxbarricades.com\\\/index.php\\\/progress-bar-pie-chart\\\/\",\"name\":\"Progress Bar & Pie Chart - Des tranch\u00e9es aux barricades\",\"isPartOf\":{\"@id\":\"http:\\\/\\\/www.destrancheesauxbarricades.com\\\/#website\"},\"datePublished\":\"2016-12-12T05:57:13+00:00\",\"breadcrumb\":{\"@id\":\"http:\\\/\\\/www.destrancheesauxbarricades.com\\\/index.php\\\/progress-bar-pie-chart\\\/#breadcrumb\"},\"inLanguage\":\"fr-FR\",\"potentialAction\":[{\"@type\":\"ReadAction\",\"target\":[\"http:\\\/\\\/www.destrancheesauxbarricades.com\\\/index.php\\\/progress-bar-pie-chart\\\/\"]}]},{\"@type\":\"BreadcrumbList\",\"@id\":\"http:\\\/\\\/www.destrancheesauxbarricades.com\\\/index.php\\\/progress-bar-pie-chart\\\/#breadcrumb\",\"itemListElement\":[{\"@type\":\"ListItem\",\"position\":1,\"name\":\"Accueil\",\"item\":\"http:\\\/\\\/www.destrancheesauxbarricades.com\\\/\"},{\"@type\":\"ListItem\",\"position\":2,\"name\":\"Progress Bar &#038; Pie Chart\"}]},{\"@type\":\"WebSite\",\"@id\":\"http:\\\/\\\/www.destrancheesauxbarricades.com\\\/#website\",\"url\":\"http:\\\/\\\/www.destrancheesauxbarricades.com\\\/\",\"name\":\"Des tranch\u00e9es aux barricades\",\"description\":\"Jeu d&#039;escarmouches au d\u00e9but du XXe si\u00e8cle\",\"potentialAction\":[{\"@type\":\"SearchAction\",\"target\":{\"@type\":\"EntryPoint\",\"urlTemplate\":\"http:\\\/\\\/www.destrancheesauxbarricades.com\\\/?s={search_term_string}\"},\"query-input\":{\"@type\":\"PropertyValueSpecification\",\"valueRequired\":true,\"valueName\":\"search_term_string\"}}],\"inLanguage\":\"fr-FR\"}]}<\/script>\n<!-- \/ Yoast SEO plugin. -->","yoast_head_json":{"title":"Progress Bar & Pie Chart - Des tranch\u00e9es aux barricades","robots":{"index":"index","follow":"follow","max-snippet":"max-snippet:-1","max-image-preview":"max-image-preview:large","max-video-preview":"max-video-preview:-1"},"canonical":"http:\/\/www.destrancheesauxbarricades.com\/index.php\/progress-bar-pie-chart\/","og_locale":"fr_FR","og_type":"article","og_title":"Progress Bar & Pie Chart - Des tranch\u00e9es aux barricades","og_description":"[vc_row css=\u00a0\u00bb.vc_custom_1487832171084{margin-bottom: 30px !important;padding-top: 30px !important;padding-bottom: 30px !important;}\u00a0\u00bb][vc_column][vc_progress_bar values=\u00a0\u00bb%5B%7B%22label%22%3A%22Development%22%2C%22value%22%3A%2290%22%7D%2C%7B%22label%22%3A%22Design%22%2C%22value%22%3A%2280%22%7D%2C%7B%22label%22%3A%22Marketing%22%2C%22value%22%3A%2270%22%7D%2C%7B%22label%22%3A%22Testing%22%2C%22value%22%3A%2283%22%7D%5D\u00a0\u00bb bgcolor=\u00a0\u00bbcustom\u00a0\u00bb options=\u00a0\u00bbanimated\u00a0\u00bb css_animation=\u00a0\u00bbnone\u00a0\u00bb custombgcolor=\u00a0\u00bb#0e1932&Prime; customtxtcolor=\u00a0\u00bb#ffffff\u00a0\u00bb css=\u00a0\u00bb.vc_custom_1520850471549{padding-top: 10px !important;}\u00a0\u00bb][\/vc_column][\/vc_row][vc_row css=\u00a0\u00bb.vc_custom_1487830759488{margin-bottom: 30px !important;padding-top: 30px !important;padding-bottom: 30px !important;}\u00a0\u00bb][vc_column][vc_row_inner][vc_column_inner width=\u00a0\u00bb1\/3&Prime;][vc_pie value=\u00a0\u00bb30&Prime; label_value=\u00a0\u00bbAnalysis\u00a0\u00bb color=\u00a0\u00bbcustom\u00a0\u00bb custom_color=\u00a0\u00bb#2196f3&Prime; css=\u00a0\u00bb.vc_custom_1487331830675{padding-top: 10px !important;}\u00a0\u00bb units=\u00a0\u00bb30&Prime;][\/vc_column_inner][vc_column_inner width=\u00a0\u00bb1\/3&Prime;][vc_pie value=\u00a0\u00bb80&Prime; label_value=\u00a0\u00bbLorem Dolor\u00a0\u00bb color=\u00a0\u00bbcustom\u00a0\u00bb custom_color=\u00a0\u00bb#0e1932&Prime; css=\u00a0\u00bb.vc_custom_1520850432563{padding-top: 10px !important;}\u00a0\u00bb units=\u00a0\u00bb80&Prime;][\/vc_column_inner][vc_column_inner width=\u00a0\u00bb1\/3&Prime;][vc_pie label_value=\u00a0\u00bbPlannning\u00a0\u00bb color=\u00a0\u00bbcustom\u00a0\u00bb custom_color=\u00a0\u00bb#ffc301&Prime; css=\u00a0\u00bb.vc_custom_1487331764854{padding-top: 10px !important;}\u00a0\u00bb units=\u00a0\u00bb50&Prime;][\/vc_column_inner][\/vc_row_inner][\/vc_column][\/vc_row][vc_row css=\u00a0\u00bb.vc_custom_1487830764981{margin-bottom: 30px !important;padding-top: 30px !important;padding-bottom: 30px !important;}\u00a0\u00bb][vc_column][vc_row_inner css=\u00a0\u00bb.vc_custom_1483949998785{padding-top: 10px !important;}\u00a0\u00bb][vc_column_inner width=\u00a0\u00bb1\/2&Prime;][vc_round_chart type=\u00a0\u00bbdoughnut\u00a0\u00bb stroke_width=\u00a0\u00bb5&Prime; stroke_color=\u00a0\u00bbgrey\u00a0\u00bb values=\u00a0\u00bb%5B%7B%22title%22%3A%22Planning%22%2C%22value%22%3A%2230%22%2C%22color%22%3A%22blue%22%7D%2C%7B%22title%22%3A%22Analysis%22%2C%22value%22%3A%2240%22%2C%22color%22%3A%22pink%22%7D%2C%7B%22title%22%3A%22Design%22%2C%22value%22%3A%2240%22%2C%22color%22%3A%22chino%22%7D%2C%7B%22title%22%3A%22Coding%22%2C%22value%22%3A%2260%22%2C%22color%22%3A%22sandy-brown%22%7D%2C%7B%22title%22%3A%22Testing%22%2C%22value%22%3A%2220%22%2C%22color%22%3A%22orange%22%7D%5D\u00a0\u00bb][\/vc_column_inner][vc_column_inner width=\u00a0\u00bb1\/2&Prime;][vc_round_chart stroke_width=\u00a0\u00bb5&Prime; stroke_color=\u00a0\u00bbgrey\u00a0\u00bb values=\u00a0\u00bb%5B%7B%22title%22%3A%22Planning%22%2C%22value%22%3A%2230%22%2C%22color%22%3A%22blue%22%7D%2C%7B%22title%22%3A%22Analysis%22%2C%22value%22%3A%2240%22%2C%22color%22%3A%22pink%22%7D%2C%7B%22title%22%3A%22Design%22%2C%22value%22%3A%2240%22%2C%22color%22%3A%22chino%22%7D%2C%7B%22title%22%3A%22Coding%22%2C%22value%22%3A%2260%22%2C%22color%22%3A%22sandy-brown%22%7D%2C%7B%22title%22%3A%22Testing%22%2C%22value%22%3A%2220%22%2C%22color%22%3A%22orange%22%7D%5D\u00a0\u00bb][\/vc_column_inner][\/vc_row_inner][\/vc_column][\/vc_row][vc_row css=\u00a0\u00bb.vc_custom_1487331695618{margin-bottom: 30px !important;padding-top: 30px !important;padding-bottom: 20px !important;}\u00a0\u00bb][vc_column][vc_row_inner css=\u00a0\u00bb.vc_custom_1483949759283{padding-top: 10px !important;}\u00a0\u00bb][vc_column_inner width=\u00a0\u00bb1\/2&Prime;][vc_line_chart style=\u00a0\u00bbcustom\u00a0\u00bb values=\u00a0\u00bb%5B%7B%22title%22%3A%22One%22%2C%22y_values%22%3A%2210%3B%2015%3B%2020%3B%2025%3B%2027%3B%2025%3B%2023%3B%2025%22%2C%22color%22%3A%22blue%22%2C%22custom_color%22%3A%22%230e1932%22%7D%2C%7B%22title%22%3A%22Two%22%2C%22y_values%22%3A%2225%3B%2018%3B%2016%3B%2017%3B%2020%3B%2025%3B%2030%3B%2035%22%2C%22color%22%3A%22pink%22%2C%22custom_color%22%3A%22%23b5b5b5%22%7D%5D\u00a0\u00bb animation=\u00a0\u00bbeaseOutQuart\u00a0\u00bb][\/vc_column_inner][vc_column_inner width=\u00a0\u00bb1\/2&Prime;][vc_line_chart type=\u00a0\u00bbline\u00a0\u00bb values=\u00a0\u00bb%5B%7B%22title%22%3A%22One%22%2C%22y_values%22%3A%2210%3B%2015%3B%2020%3B%2025%3B%2027%3B%2025%3B%2023%3B%2025%22%2C%22color%22%3A%22blue%22%7D%2C%7B%22title%22%3A%22Two%22%2C%22y_values%22%3A%2225%3B%2018%3B%2016%3B%2017%3B%2020%3B%2025%3B%2030%3B%2035%22%2C%22color%22%3A%22pink%22%7D%5D\u00a0\u00bb][\/vc_column_inner][\/vc_row_inner][\/vc_column][\/vc_row]","og_url":"http:\/\/www.destrancheesauxbarricades.com\/index.php\/progress-bar-pie-chart\/","og_site_name":"Des tranch\u00e9es aux barricades","twitter_card":"summary_large_image","twitter_misc":{"Dur\u00e9e de lecture estim\u00e9e":"3 minutes"},"schema":{"@context":"https:\/\/schema.org","@graph":[{"@type":"WebPage","@id":"http:\/\/www.destrancheesauxbarricades.com\/index.php\/progress-bar-pie-chart\/","url":"http:\/\/www.destrancheesauxbarricades.com\/index.php\/progress-bar-pie-chart\/","name":"Progress Bar & Pie Chart - Des tranch\u00e9es aux barricades","isPartOf":{"@id":"http:\/\/www.destrancheesauxbarricades.com\/#website"},"datePublished":"2016-12-12T05:57:13+00:00","breadcrumb":{"@id":"http:\/\/www.destrancheesauxbarricades.com\/index.php\/progress-bar-pie-chart\/#breadcrumb"},"inLanguage":"fr-FR","potentialAction":[{"@type":"ReadAction","target":["http:\/\/www.destrancheesauxbarricades.com\/index.php\/progress-bar-pie-chart\/"]}]},{"@type":"BreadcrumbList","@id":"http:\/\/www.destrancheesauxbarricades.com\/index.php\/progress-bar-pie-chart\/#breadcrumb","itemListElement":[{"@type":"ListItem","position":1,"name":"Accueil","item":"http:\/\/www.destrancheesauxbarricades.com\/"},{"@type":"ListItem","position":2,"name":"Progress Bar &#038; Pie Chart"}]},{"@type":"WebSite","@id":"http:\/\/www.destrancheesauxbarricades.com\/#website","url":"http:\/\/www.destrancheesauxbarricades.com\/","name":"Des tranch\u00e9es aux barricades","description":"Jeu d&#039;escarmouches au d\u00e9but du XXe si\u00e8cle","potentialAction":[{"@type":"SearchAction","target":{"@type":"EntryPoint","urlTemplate":"http:\/\/www.destrancheesauxbarricades.com\/?s={search_term_string}"},"query-input":{"@type":"PropertyValueSpecification","valueRequired":true,"valueName":"search_term_string"}}],"inLanguage":"fr-FR"}]}},"jetpack_sharing_enabled":true,"_links":{"self":[{"href":"http:\/\/www.destrancheesauxbarricades.com\/index.php\/wp-json\/wp\/v2\/pages\/5493","targetHints":{"allow":["GET"]}}],"collection":[{"href":"http:\/\/www.destrancheesauxbarricades.com\/index.php\/wp-json\/wp\/v2\/pages"}],"about":[{"href":"http:\/\/www.destrancheesauxbarricades.com\/index.php\/wp-json\/wp\/v2\/types\/page"}],"author":[{"embeddable":true,"href":"http:\/\/www.destrancheesauxbarricades.com\/index.php\/wp-json\/wp\/v2\/users\/1"}],"replies":[{"embeddable":true,"href":"http:\/\/www.destrancheesauxbarricades.com\/index.php\/wp-json\/wp\/v2\/comments?post=5493"}],"version-history":[{"count":0,"href":"http:\/\/www.destrancheesauxbarricades.com\/index.php\/wp-json\/wp\/v2\/pages\/5493\/revisions"}],"wp:attachment":[{"href":"http:\/\/www.destrancheesauxbarricades.com\/index.php\/wp-json\/wp\/v2\/media?parent=5493"}],"curies":[{"name":"wp","href":"https:\/\/api.w.org\/{rel}","templated":true}]}}