{"id":435,"date":"2013-05-13T12:30:49","date_gmt":"2013-05-13T12:30:49","guid":{"rendered":"http:\/\/template-demos.com\/wp\/forest\/wp1\/?page_id=435"},"modified":"2013-05-13T12:30:49","modified_gmt":"2013-05-13T12:30:49","slug":"portfolio3_column","status":"publish","type":"page","link":"http:\/\/www.destrancheesauxbarricades.com\/index.php\/portfolio3_column\/","title":{"rendered":"3 Columns"},"content":{"rendered":"<p>[vc_row][vc_column]<div class=\"portfolios\"><ul class=\"portfolio_3column da-thumbs\"><li class=\"first\"><div class=\"main\"><div class=\"image-block\"><a href= \"http:\/\/www.destrancheesauxbarricades.com\/wp-content\/themes\/elocity\/images\/megnor\/placeholder.png\" class=\"mustang-gallery\"><img decoding=\"async\" class=\"image1\" src=\"http:\/\/www.destrancheesauxbarricades.com\/wp-content\/themes\/elocity\/images\/megnor\/placeholder-550x550_left.png\"\/ ><\/a><div class=\"block_hover\"><div class=\"links\"><a href=\"http:\/\/www.destrancheesauxbarricades.com\/wp-content\/themes\/elocity\/images\/megnor\/placeholder.png\" title=\"Click to view Full Image\" class=\"icon mustang-gallery\"><i class=\"fa fa-plus\"><\/i><\/a><a href=\"http:\/\/www.destrancheesauxbarricades.com\/index.php\/portfolio\/specimen-book\/\"  title=\"Click to view read more\" class=\"icon\"><i class=\"fa fa-link\"><\/i><\/a><\/div><\/div><\/div><h5><a href=\"http:\/\/www.destrancheesauxbarricades.com\/index.php\/portfolio\/specimen-book\/\">Specimen Book<\/a><\/h5>Lorem ipsum dolor sit amet, consectetuer adipiscing elit, sed diam nonummy nibh euismod tincidunt ut laoreet dolore magn&hellip;<\/li><li class=\"inner\"><div class=\"main\"><div class=\"image-block\"><a href= \"http:\/\/www.destrancheesauxbarricades.com\/wp-content\/themes\/elocity\/images\/megnor\/placeholder.png\" class=\"mustang-gallery\"><img decoding=\"async\" class=\"image1\" src=\"http:\/\/www.destrancheesauxbarricades.com\/wp-content\/themes\/elocity\/images\/megnor\/placeholder-550x550_left.png\"\/ ><\/a><div class=\"block_hover\"><div class=\"links\"><a href=\"http:\/\/www.destrancheesauxbarricades.com\/wp-content\/themes\/elocity\/images\/megnor\/placeholder.png\" title=\"Click to view Full Image\" class=\"icon mustang-gallery\"><i class=\"fa fa-plus\"><\/i><\/a><a href=\"http:\/\/www.destrancheesauxbarricades.com\/index.php\/portfolio\/curabitur-ullamcorper\/\"  title=\"Click to view read more\" class=\"icon\"><i class=\"fa fa-link\"><\/i><\/a><\/div><\/div><\/div><h5><a href=\"http:\/\/www.destrancheesauxbarricades.com\/index.php\/portfolio\/curabitur-ullamcorper\/\">Curabitur Ullamcorper<\/a><\/h5>Maecenas nec fringilla felis. Nulla ultrices pulvinar magna in iaculis. Ut tellus eros, sagittis sed sapien eget, sodale&hellip;<\/li><li class=\"last\"><div class=\"main\"><div class=\"image-block\"><a href= \"http:\/\/www.destrancheesauxbarricades.com\/wp-content\/themes\/elocity\/images\/megnor\/placeholder.png\" class=\"mustang-gallery\"><img decoding=\"async\" class=\"image1\" src=\"http:\/\/www.destrancheesauxbarricades.com\/wp-content\/themes\/elocity\/images\/megnor\/placeholder-550x550_left.png\"\/ ><\/a><div class=\"block_hover\"><div class=\"links\"><a href=\"http:\/\/www.destrancheesauxbarricades.com\/wp-content\/themes\/elocity\/images\/megnor\/placeholder.png\" title=\"Click to view Full Image\" class=\"icon mustang-gallery\"><i class=\"fa fa-plus\"><\/i><\/a><a href=\"http:\/\/www.destrancheesauxbarricades.com\/index.php\/portfolio\/nam-eget\/\"  title=\"Click to view read more\" class=\"icon\"><i class=\"fa fa-link\"><\/i><\/a><\/div><\/div><\/div><h5><a href=\"http:\/\/www.destrancheesauxbarricades.com\/index.php\/portfolio\/nam-eget\/\">Nam Eget<\/a><\/h5>Investigationes demonstraverunt lectores legere me lius quod ii legunt saepius. Maecenas nec fringilla felis. Nulla ultr&hellip;<\/li><li class=\"first\"><div class=\"main\"><div class=\"image-block\"><a href= \"http:\/\/www.destrancheesauxbarricades.com\/wp-content\/themes\/elocity\/images\/megnor\/placeholder.png\" class=\"mustang-gallery\"><img decoding=\"async\" class=\"image1\" src=\"http:\/\/www.destrancheesauxbarricades.com\/wp-content\/themes\/elocity\/images\/megnor\/placeholder-550x550_left.png\"\/ ><\/a><div class=\"block_hover\"><div class=\"links\"><a href=\"http:\/\/www.destrancheesauxbarricades.com\/wp-content\/themes\/elocity\/images\/megnor\/placeholder.png\" title=\"Click to view Full Image\" class=\"icon mustang-gallery\"><i class=\"fa fa-plus\"><\/i><\/a><a href=\"http:\/\/www.destrancheesauxbarricades.com\/index.php\/portfolio\/viverra-nulla\/\"  title=\"Click to view read more\" class=\"icon\"><i class=\"fa fa-link\"><\/i><\/a><\/div><\/div><\/div><h5><a href=\"http:\/\/www.destrancheesauxbarricades.com\/index.php\/portfolio\/viverra-nulla\/\">Viverra Nulla<\/a><\/h5>Maecenas nec fringilla felis. Nulla ultrices pulvinar magna in iaculis. Ut tellus eros, sagittis sed sapien eget, sodale&hellip;<\/li><li class=\"inner\"><div class=\"main\"><div class=\"image-block\"><a href= \"http:\/\/www.destrancheesauxbarricades.com\/wp-content\/themes\/elocity\/images\/megnor\/placeholder.png\" class=\"mustang-gallery\"><img decoding=\"async\" class=\"image1\" src=\"http:\/\/www.destrancheesauxbarricades.com\/wp-content\/themes\/elocity\/images\/megnor\/placeholder-550x550_left.png\"\/ ><\/a><div class=\"block_hover\"><div class=\"links\"><a href=\"http:\/\/www.destrancheesauxbarricades.com\/wp-content\/themes\/elocity\/images\/megnor\/placeholder.png\" title=\"Click to view Full Image\" class=\"icon mustang-gallery\"><i class=\"fa fa-plus\"><\/i><\/a><a href=\"http:\/\/www.destrancheesauxbarricades.com\/index.php\/portfolio\/sit-amet\/\"  title=\"Click to view read more\" class=\"icon\"><i class=\"fa fa-link\"><\/i><\/a><\/div><\/div><\/div><h5><a href=\"http:\/\/www.destrancheesauxbarricades.com\/index.php\/portfolio\/sit-amet\/\">Sit Amet<\/a><\/h5>Maecenas nec fringilla felis. Nulla ultrices pulvinar magna in iaculis. Ut tellus eros, sagittis sed sapien eget, sodale&hellip;<\/li><li class=\"last\"><div class=\"main\"><div class=\"image-block\"><a href= \"http:\/\/www.destrancheesauxbarricades.com\/wp-content\/themes\/elocity\/images\/megnor\/placeholder.png\" class=\"mustang-gallery\"><img decoding=\"async\" class=\"image1\" src=\"http:\/\/www.destrancheesauxbarricades.com\/wp-content\/themes\/elocity\/images\/megnor\/placeholder-550x550_left.png\"\/ ><\/a><div class=\"block_hover\"><div class=\"links\"><a href=\"http:\/\/www.destrancheesauxbarricades.com\/wp-content\/themes\/elocity\/images\/megnor\/placeholder.png\" title=\"Click to view Full Image\" class=\"icon mustang-gallery\"><i class=\"fa fa-plus\"><\/i><\/a><a href=\"http:\/\/www.destrancheesauxbarricades.com\/index.php\/portfolio\/eleifend-tellus\/\"  title=\"Click to view read more\" class=\"icon\"><i class=\"fa fa-link\"><\/i><\/a><\/div><\/div><\/div><h5><a href=\"http:\/\/www.destrancheesauxbarricades.com\/index.php\/portfolio\/eleifend-tellus\/\">Eleifend Tellus<\/a><\/h5>Maecenas nec fringilla felis. Nulla ultrices pulvinar magna in iaculis. Ut tellus eros, sagittis sed sapien eget, sodale&hellip;<\/li><\/ul><nav class=\"navigation paging-navigation\" role=\"navigation\"><div class=\"pagination loop-pagination\"><span aria-label=\"Page 1\" aria-current=\"page\" class=\"page-numbers current\">1<\/span>\n<a aria-label=\"Page 2\" class=\"page-numbers\" href=\"http:\/\/www.destrancheesauxbarricades.com\/index.php\/wp-json\/wp\/v2\/pages\/435\/page\/2\/\">2<\/a>\n<a class=\"next page-numbers\" href=\"http:\/\/www.destrancheesauxbarricades.com\/index.php\/wp-json\/wp\/v2\/pages\/435\/page\/2\/\"><i class=\"fa fa-angle-right\"><\/i><\/a><\/div><\/nav><\/div>[\/vc_column][\/vc_row]<\/p>\n","protected":false},"excerpt":{"rendered":"<p>[vc_row][vc_column][\/vc_column][\/vc_row]<\/p>\n","protected":false},"author":1,"featured_media":0,"parent":0,"menu_order":0,"comment_status":"closed","ping_status":"closed","template":"","meta":{"_monsterinsights_skip_tracking":false,"_monsterinsights_sitenote_active":false,"_monsterinsights_sitenote_note":"","_monsterinsights_sitenote_category":0,"footnotes":""},"class_list":["post-435","page","type-page","status-publish","hentry"],"yoast_head":"<!-- This site is optimized with the Yoast SEO plugin v27.5 - https:\/\/yoast.com\/product\/yoast-seo-wordpress\/ -->\n<title>3 Columns - Des tranch\u00e9es aux barricades<\/title>\n<meta name=\"robots\" content=\"index, follow, max-snippet:-1, max-image-preview:large, max-video-preview:-1\" \/>\n<link rel=\"canonical\" href=\"http:\/\/www.destrancheesauxbarricades.com\/index.php\/portfolio3_column\/\" \/>\n<meta property=\"og:locale\" content=\"fr_FR\" \/>\n<meta property=\"og:type\" content=\"article\" \/>\n<meta property=\"og:title\" content=\"3 Columns - Des tranch\u00e9es aux barricades\" \/>\n<meta property=\"og:description\" content=\"[vc_row][vc_column][\/vc_column][\/vc_row]\" \/>\n<meta property=\"og:url\" content=\"http:\/\/www.destrancheesauxbarricades.com\/index.php\/portfolio3_column\/\" \/>\n<meta property=\"og:site_name\" content=\"Des tranch\u00e9es aux barricades\" \/>\n<meta name=\"twitter:card\" content=\"summary_large_image\" \/>\n<script type=\"application\/ld+json\" class=\"yoast-schema-graph\">{\"@context\":\"https:\\\/\\\/schema.org\",\"@graph\":[{\"@type\":\"WebPage\",\"@id\":\"http:\\\/\\\/www.destrancheesauxbarricades.com\\\/index.php\\\/portfolio3_column\\\/\",\"url\":\"http:\\\/\\\/www.destrancheesauxbarricades.com\\\/index.php\\\/portfolio3_column\\\/\",\"name\":\"3 Columns - Des tranch\u00e9es aux barricades\",\"isPartOf\":{\"@id\":\"http:\\\/\\\/www.destrancheesauxbarricades.com\\\/#website\"},\"datePublished\":\"2013-05-13T12:30:49+00:00\",\"breadcrumb\":{\"@id\":\"http:\\\/\\\/www.destrancheesauxbarricades.com\\\/index.php\\\/portfolio3_column\\\/#breadcrumb\"},\"inLanguage\":\"fr-FR\",\"potentialAction\":[{\"@type\":\"ReadAction\",\"target\":[\"http:\\\/\\\/www.destrancheesauxbarricades.com\\\/index.php\\\/portfolio3_column\\\/\"]}]},{\"@type\":\"BreadcrumbList\",\"@id\":\"http:\\\/\\\/www.destrancheesauxbarricades.com\\\/index.php\\\/portfolio3_column\\\/#breadcrumb\",\"itemListElement\":[{\"@type\":\"ListItem\",\"position\":1,\"name\":\"Accueil\",\"item\":\"http:\\\/\\\/www.destrancheesauxbarricades.com\\\/\"},{\"@type\":\"ListItem\",\"position\":2,\"name\":\"3 Columns\"}]},{\"@type\":\"WebSite\",\"@id\":\"http:\\\/\\\/www.destrancheesauxbarricades.com\\\/#website\",\"url\":\"http:\\\/\\\/www.destrancheesauxbarricades.com\\\/\",\"name\":\"Des tranch\u00e9es aux barricades\",\"description\":\"Jeu d&#039;escarmouches au d\u00e9but du XXe si\u00e8cle\",\"potentialAction\":[{\"@type\":\"SearchAction\",\"target\":{\"@type\":\"EntryPoint\",\"urlTemplate\":\"http:\\\/\\\/www.destrancheesauxbarricades.com\\\/?s={search_term_string}\"},\"query-input\":{\"@type\":\"PropertyValueSpecification\",\"valueRequired\":true,\"valueName\":\"search_term_string\"}}],\"inLanguage\":\"fr-FR\"}]}<\/script>\n<!-- \/ Yoast SEO plugin. -->","yoast_head_json":{"title":"3 Columns - Des tranch\u00e9es aux barricades","robots":{"index":"index","follow":"follow","max-snippet":"max-snippet:-1","max-image-preview":"max-image-preview:large","max-video-preview":"max-video-preview:-1"},"canonical":"http:\/\/www.destrancheesauxbarricades.com\/index.php\/portfolio3_column\/","og_locale":"fr_FR","og_type":"article","og_title":"3 Columns - Des tranch\u00e9es aux barricades","og_description":"[vc_row][vc_column][\/vc_column][\/vc_row]","og_url":"http:\/\/www.destrancheesauxbarricades.com\/index.php\/portfolio3_column\/","og_site_name":"Des tranch\u00e9es aux barricades","twitter_card":"summary_large_image","schema":{"@context":"https:\/\/schema.org","@graph":[{"@type":"WebPage","@id":"http:\/\/www.destrancheesauxbarricades.com\/index.php\/portfolio3_column\/","url":"http:\/\/www.destrancheesauxbarricades.com\/index.php\/portfolio3_column\/","name":"3 Columns - Des tranch\u00e9es aux barricades","isPartOf":{"@id":"http:\/\/www.destrancheesauxbarricades.com\/#website"},"datePublished":"2013-05-13T12:30:49+00:00","breadcrumb":{"@id":"http:\/\/www.destrancheesauxbarricades.com\/index.php\/portfolio3_column\/#breadcrumb"},"inLanguage":"fr-FR","potentialAction":[{"@type":"ReadAction","target":["http:\/\/www.destrancheesauxbarricades.com\/index.php\/portfolio3_column\/"]}]},{"@type":"BreadcrumbList","@id":"http:\/\/www.destrancheesauxbarricades.com\/index.php\/portfolio3_column\/#breadcrumb","itemListElement":[{"@type":"ListItem","position":1,"name":"Accueil","item":"http:\/\/www.destrancheesauxbarricades.com\/"},{"@type":"ListItem","position":2,"name":"3 Columns"}]},{"@type":"WebSite","@id":"http:\/\/www.destrancheesauxbarricades.com\/#website","url":"http:\/\/www.destrancheesauxbarricades.com\/","name":"Des tranch\u00e9es aux barricades","description":"Jeu d&#039;escarmouches au d\u00e9but du XXe si\u00e8cle","potentialAction":[{"@type":"SearchAction","target":{"@type":"EntryPoint","urlTemplate":"http:\/\/www.destrancheesauxbarricades.com\/?s={search_term_string}"},"query-input":{"@type":"PropertyValueSpecification","valueRequired":true,"valueName":"search_term_string"}}],"inLanguage":"fr-FR"}]}},"jetpack_sharing_enabled":true,"_links":{"self":[{"href":"http:\/\/www.destrancheesauxbarricades.com\/index.php\/wp-json\/wp\/v2\/pages\/435","targetHints":{"allow":["GET"]}}],"collection":[{"href":"http:\/\/www.destrancheesauxbarricades.com\/index.php\/wp-json\/wp\/v2\/pages"}],"about":[{"href":"http:\/\/www.destrancheesauxbarricades.com\/index.php\/wp-json\/wp\/v2\/types\/page"}],"author":[{"embeddable":true,"href":"http:\/\/www.destrancheesauxbarricades.com\/index.php\/wp-json\/wp\/v2\/users\/1"}],"replies":[{"embeddable":true,"href":"http:\/\/www.destrancheesauxbarricades.com\/index.php\/wp-json\/wp\/v2\/comments?post=435"}],"version-history":[{"count":0,"href":"http:\/\/www.destrancheesauxbarricades.com\/index.php\/wp-json\/wp\/v2\/pages\/435\/revisions"}],"wp:attachment":[{"href":"http:\/\/www.destrancheesauxbarricades.com\/index.php\/wp-json\/wp\/v2\/media?parent=435"}],"curies":[{"name":"wp","href":"https:\/\/api.w.org\/{rel}","templated":true}]}}